{"id":321,"date":"2024-11-29T15:58:52","date_gmt":"2024-11-29T15:58:52","guid":{"rendered":"https:\/\/env-in-cent.hu\/?page_id=321"},"modified":"2024-11-29T16:00:16","modified_gmt":"2024-11-29T16:00:16","slug":"partnereink","status":"publish","type":"page","link":"https:\/\/env-in-cent.hu\/en\/our-partners\/","title":{"rendered":"With whom we achieved our success..."},"content":{"rendered":"<p><\/p>\n\n\n\n<h3 class=\"wp-block-heading\"><strong>Our contracting partners<\/strong><\/h3>\n\n\n\n<p>Allplan GmbH<\/p>\n\n\n\n<p>ANPAST Europroject Service Ltd.<\/p>\n\n\n\n<p>Auton\u00f3mia Foundation<\/p>\n\n\n\n<p>Municipality of B\u00e1cs-Kiskun Count<\/p>\n\n\n\n<p>Municipality of Budapest City<\/p>\n\n\n\n<p>Municipality of Budapest XI. District \u00dajbuda<\/p>\n\n\n\n<p>Budapest University of Technology and Economics<\/p>\n\n\n\n<p>ConsAct Ltd.<\/p>\n\n\n\n<p>University of Debrecen<\/p>\n\n\n\n<p>Duna S\u00e9t\u00e1ny Ltd.<\/p>\n\n\n\n<p>econet.hu Co.<\/p>\n\n\n\n<p>Eduweb Multimedia Co.<\/p>\n\n\n\n<p>Eurout Ltd.<\/p>\n\n\n\n<p>External Ltd.<\/p>\n\n\n\n<p>\u00c9MI Non-Profit Llc. for Quality Control and Innovation in Building<\/p>\n\n\n\n<p>Ministry of of Agriculture<\/p>\n\n\n\n<p>Cean Air Protection Ltd.<\/p>\n\n\n\n<p>Ministry of Economy and Transport<\/p>\n\n\n\n<p>GKI Economic Research Co.<\/p>\n\n\n\n<p>Glia Computing and Consulting Ltd.<\/p>\n\n\n\n<p>Municipality of Gy\u00e1l<\/p>\n\n\n\n<p>Hajd\u00fa Brick Ltd.<\/p>\n\n\n\n<p>HitesyBartuczHollai Euroconsulting Ltd.<\/p>\n\n\n\n<p>Imsys Engineering Ltd.<\/p>\n\n\n\n<p>Korda Studios \u2013 Korda Filmst\u00fadi\u00f3 Ingatlanhasznos\u00edt\u00f3 \u00e9s Szolg\u00e1ltat\u00f3 Ltd.<\/p>\n\n\n\n<p>Environmental Management and Law Association (EMLA)<\/p>\n\n\n\n<p>Ministry of National Economy<\/p>\n\n\n\n<p>Hungarian Association for the Building Material Industry<\/p>\n\n\n\n<p>Geological and Geophysical Institute of Hungary<\/p>\n\n\n\n<p>Hungarian Environmental Economics Center Foundation<\/p>\n\n\n\n<p>Hungarian Brick Association<\/p>\n\n\n\n<p>Hungarian Academy of Sciences, Institute for Computer Science and Control (MTA SZTAKI)<\/p>\n\n\n\n<p>Hungarian Academy of Sciences, Centre for Agricultural Research, Institute for Soil Sciences and Agricultural Chemistry<\/p>\n\n\n\n<p>Ministry for National Economy<\/p>\n\n\n\n<p>Office for National Economic Planning<\/p>\n\n\n\n<p>Ministry of National Development<\/p>\n\n\n\n<p>National Innovation Office<\/p>\n\n\n\n<p>OH\u00dc National Waste Management Agency of Non-Profit Ltd.<\/p>\n\n\n\n<p>Hungarian Meteorological Service<\/p>\n\n\n\n<p>Office of the Parliament<\/p>\n\n\n\n<p>\u00d6KO Co. Ltd.<\/p>\n\n\n\n<p>Municipality of Pest County<\/p>\n\n\n\n<p>Poms\u00e1r and Associates Architects Ltd.<\/p>\n\n\n\n<p>PricewaterhouseCoopers Ltd.<\/p>\n\n\n\n<p>Reconsult Ltd.<\/p>\n\n\n\n<p>Systemexpert Ltd.<\/p>\n\n\n\n<p>Sz\u00e9chenyi Istv\u00e1n University, Gy\u0151r<\/p>\n\n\n\n<p>Szent Istv\u00e1n University, G\u00f6d\u00f6ll\u0151<\/p>\n\n\n\n<p>Brick Factory Szentes<\/p>\n\n\n\n<p>Association of Szob Micro-Regional Municipalities for Regional Development<\/p>\n\n\n\n<p>TERC Commercial and Service Ltd.<\/p>\n\n\n\n<p>TERRA STUDIO Regional Research Planning Consultant Ltd.<\/p>\n\n\n\n<p>V\u00c1TI Hungarian Non-Profit Ltd. for Regional Development and Town Planning<\/p>\n\n\n\n<p>VERTIS Environmental Consulting Ltd.<\/p>\n\n\n\n<p>VITUKI Research Institute for Environment and Water Management<\/p>\n\n\n\n<p>W-GO 2004 Property Developers Ltd.<\/p>\n\n\n\n<p>Wienerberger Co.<\/p>\n\n\n\n<h3 class=\"wp-block-heading\"><strong>Our regular experts and subcontractors<\/strong><\/h3>\n\n\n\n<p>Androg\u00fcn Ltd.<\/p>\n\n\n\n<p>Armadillo Design Ltd.<\/p>\n\n\n\n<p>Chiron Human \u00e9s K\u00f6rnyezetgazdas\u00e1gi Tan\u00e1csad\u00f3 Ltd.<\/p>\n\n\n\n<p>DATLA Ltd.<\/p>\n\n\n\n<p>Donatello Ltd.<\/p>\n\n\n\n<p>EnviGraph Ltd.<\/p>\n\n\n\n<p>EnviroPlus Ltd.<\/p>\n\n\n\n<p>ERENDEM M\u00e9rn\u00f6ki Tan\u00e1csad\u00f3 Ltd.<\/p>\n\n\n\n<p>Exteri\u0151r Ltd.<\/p>\n\n\n\n<p>\u00c9TMV Non-Profit Llc. for Construction Products Quality Protection and Enterprise Development<\/p>\n\n\n\n<p>FONOMETRO Ltd.<\/p>\n\n\n\n<p>GOND-OLD Ltd.<\/p>\n\n\n\n<p>H\u00c9TFA Research Institute and Centre for Economic and Social Analysis<\/p>\n\n\n\n<p>Homo Oecologicus Foundation<\/p>\n\n\n\n<p>Iteam Ltd.<\/p>\n\n\n\n<p>K\u00f6r-z\u00f6 Ltd.<\/p>\n\n\n\n<p>M\u00e1yer Zolt\u00e1n Sole Proprietor<\/p>\n\n\n\n<p>NapKomp Ltd.<\/p>\n\n\n\n<p>TERRA-PLANTA Environmental and Service Ltd.<\/p>\n\n\n\n<p>\u00dcMINOVA Ltd.<\/p>\n\n\n\n<p>V3 GLOBE Ltd.<\/p>\n\n\n\n<p>Z\u00f6ldInnov\u00e1tor Ltd.<\/p>","protected":false},"excerpt":{"rendered":"<p>Megb\u00edz\u00f3ink, egy\u00fcttm\u0171k\u00f6d\u0151 partnereink Allplan GmbH ANPAST Europroject Szolg\u00e1ltat\u00f3 Kft. Auton\u00f3mia Alap\u00edtv\u00e1ny B\u00e1cs-Kiskun Megye \u00d6nkorm\u00e1nyzata Budapest F\u0151v\u00e1ros F\u0151polg\u00e1rmesteri Hivatal Budapest F\u0151v\u00e1ros XI. Ker\u00fclet Polg\u00e1rmesteri Hivatal Budapesti M\u0171szaki \u00e9s Gazdas\u00e1gtudom\u00e1nyi Egyetem ConsAct Kft. Debreceni Egyetem Duna S\u00e9t\u00e1ny Kft. econet.hu Rt. Eduweb Multim\u00e9dia Zrt. Eurout Kft. External Kft. \u00c9MI \u00c9p\u00edt\u00e9s\u00fcgyi Min\u0151s\u00e9gellen\u0151rz\u0151 Innov\u00e1ci\u00f3s Nonprofit Kft. F\u00f6ldm\u0171vel\u00e9s\u00fcgyi Miniszt\u00e9rium F\u0151v\u00e1rosi Leveg\u0151tisztas\u00e1gv\u00e9delmi [&hellip;]<\/p>","protected":false},"author":1,"featured_media":0,"parent":0,"menu_order":0,"comment_status":"closed","ping_status":"closed","template":"","meta":{"footnotes":""},"class_list":["post-321","page","type-page","status-publish","hentry"],"yoast_head":"<!-- This site is optimized with the Yoast SEO plugin v23.9 - https:\/\/yoast.com\/wordpress\/plugins\/seo\/ -->\n<title>Akikkel k\u00f6z\u00f6sen \u00e9rt\u00fck el sikereinket\u2026 - Env-in-Cent<\/title>\n<meta name=\"robots\" content=\"noindex, follow, max-snippet:-1, max-image-preview:large, max-video-preview:-1\" \/>\n<meta property=\"og:locale\" content=\"en_GB\" \/>\n<meta property=\"og:type\" content=\"article\" \/>\n<meta property=\"og:title\" content=\"Akikkel k\u00f6z\u00f6sen \u00e9rt\u00fck el sikereinket\u2026 - Env-in-Cent\" \/>\n<meta property=\"og:description\" content=\"Megb\u00edz\u00f3ink, egy\u00fcttm\u0171k\u00f6d\u0151 partnereink Allplan GmbH ANPAST Europroject Szolg\u00e1ltat\u00f3 Kft. Auton\u00f3mia Alap\u00edtv\u00e1ny B\u00e1cs-Kiskun Megye \u00d6nkorm\u00e1nyzata Budapest F\u0151v\u00e1ros F\u0151polg\u00e1rmesteri Hivatal Budapest F\u0151v\u00e1ros XI. Ker\u00fclet Polg\u00e1rmesteri Hivatal Budapesti M\u0171szaki \u00e9s Gazdas\u00e1gtudom\u00e1nyi Egyetem ConsAct Kft. Debreceni Egyetem Duna S\u00e9t\u00e1ny Kft. econet.hu Rt. Eduweb Multim\u00e9dia Zrt. Eurout Kft. External Kft. \u00c9MI \u00c9p\u00edt\u00e9s\u00fcgyi Min\u0151s\u00e9gellen\u0151rz\u0151 Innov\u00e1ci\u00f3s Nonprofit Kft. F\u00f6ldm\u0171vel\u00e9s\u00fcgyi Miniszt\u00e9rium F\u0151v\u00e1rosi Leveg\u0151tisztas\u00e1gv\u00e9delmi [&hellip;]\" \/>\n<meta property=\"og:url\" content=\"https:\/\/env-in-cent.hu\/en\/our-partners\/\" \/>\n<meta property=\"og:site_name\" content=\"Env-in-Cent\" \/>\n<meta property=\"article:modified_time\" content=\"2024-11-29T16:00:16+00:00\" \/>\n<meta name=\"twitter:card\" content=\"summary_large_image\" \/>\n<meta name=\"twitter:label1\" content=\"Estimated reading time\" \/>\n\t<meta name=\"twitter:data1\" content=\"2 minutes\" \/>\n<script type=\"application\/ld+json\" class=\"yoast-schema-graph\">{\"@context\":\"https:\/\/schema.org\",\"@graph\":[{\"@type\":\"WebPage\",\"@id\":\"https:\/\/env-in-cent.hu\/partnereink\/\",\"url\":\"https:\/\/env-in-cent.hu\/partnereink\/\",\"name\":\"Akikkel k\u00f6z\u00f6sen \u00e9rt\u00fck el sikereinket\u2026 - Env-in-Cent\",\"isPartOf\":{\"@id\":\"https:\/\/env-in-cent.hu\/#website\"},\"datePublished\":\"2024-11-29T15:58:52+00:00\",\"dateModified\":\"2024-11-29T16:00:16+00:00\",\"breadcrumb\":{\"@id\":\"https:\/\/env-in-cent.hu\/partnereink\/#breadcrumb\"},\"inLanguage\":\"en-GB\",\"potentialAction\":[{\"@type\":\"ReadAction\",\"target\":[\"https:\/\/env-in-cent.hu\/partnereink\/\"]}]},{\"@type\":\"BreadcrumbList\",\"@id\":\"https:\/\/env-in-cent.hu\/partnereink\/#breadcrumb\",\"itemListElement\":[{\"@type\":\"ListItem\",\"position\":1,\"name\":\"Kezd\u0151lap\",\"item\":\"https:\/\/env-in-cent.hu\/\"},{\"@type\":\"ListItem\",\"position\":2,\"name\":\"Akikkel k\u00f6z\u00f6sen \u00e9rt\u00fck el sikereinket\u2026\"}]},{\"@type\":\"WebSite\",\"@id\":\"https:\/\/env-in-cent.hu\/#website\",\"url\":\"https:\/\/env-in-cent.hu\/\",\"name\":\"Env-in-Cent\",\"description\":\"Env-in-Cent K\u00f6rnyezetv\u00e9delmi Tan\u00e1csad\u00f3 Iroda Kft.\",\"publisher\":{\"@id\":\"https:\/\/env-in-cent.hu\/#organization\"},\"potentialAction\":[{\"@type\":\"SearchAction\",\"target\":{\"@type\":\"EntryPoint\",\"urlTemplate\":\"https:\/\/env-in-cent.hu\/?s={search_term_string}\"},\"query-input\":{\"@type\":\"PropertyValueSpecification\",\"valueRequired\":true,\"valueName\":\"search_term_string\"}}],\"inLanguage\":\"en-GB\"},{\"@type\":\"Organization\",\"@id\":\"https:\/\/env-in-cent.hu\/#organization\",\"name\":\"Env-in-Cent\",\"url\":\"https:\/\/env-in-cent.hu\/\",\"logo\":{\"@type\":\"ImageObject\",\"inLanguage\":\"en-GB\",\"@id\":\"https:\/\/env-in-cent.hu\/#\/schema\/logo\/image\/\",\"url\":\"https:\/\/env-in-cent.hu\/wp-content\/uploads\/2024\/11\/logo.jpg\",\"contentUrl\":\"https:\/\/env-in-cent.hu\/wp-content\/uploads\/2024\/11\/logo.jpg\",\"width\":170,\"height\":62,\"caption\":\"Env-in-Cent\"},\"image\":{\"@id\":\"https:\/\/env-in-cent.hu\/#\/schema\/logo\/image\/\"}}]}<\/script>\n<!-- \/ Yoast SEO plugin. -->","yoast_head_json":{"title":"Akikkel k\u00f6z\u00f6sen \u00e9rt\u00fck el sikereinket\u2026 - Env-in-Cent","robots":{"index":"noindex","follow":"follow","max-snippet":"max-snippet:-1","max-image-preview":"max-image-preview:large","max-video-preview":"max-video-preview:-1"},"og_locale":"en_GB","og_type":"article","og_title":"Akikkel k\u00f6z\u00f6sen \u00e9rt\u00fck el sikereinket\u2026 - Env-in-Cent","og_description":"Megb\u00edz\u00f3ink, egy\u00fcttm\u0171k\u00f6d\u0151 partnereink Allplan GmbH ANPAST Europroject Szolg\u00e1ltat\u00f3 Kft. Auton\u00f3mia Alap\u00edtv\u00e1ny B\u00e1cs-Kiskun Megye \u00d6nkorm\u00e1nyzata Budapest F\u0151v\u00e1ros F\u0151polg\u00e1rmesteri Hivatal Budapest F\u0151v\u00e1ros XI. Ker\u00fclet Polg\u00e1rmesteri Hivatal Budapesti M\u0171szaki \u00e9s Gazdas\u00e1gtudom\u00e1nyi Egyetem ConsAct Kft. Debreceni Egyetem Duna S\u00e9t\u00e1ny Kft. econet.hu Rt. Eduweb Multim\u00e9dia Zrt. Eurout Kft. External Kft. \u00c9MI \u00c9p\u00edt\u00e9s\u00fcgyi Min\u0151s\u00e9gellen\u0151rz\u0151 Innov\u00e1ci\u00f3s Nonprofit Kft. F\u00f6ldm\u0171vel\u00e9s\u00fcgyi Miniszt\u00e9rium F\u0151v\u00e1rosi Leveg\u0151tisztas\u00e1gv\u00e9delmi [&hellip;]","og_url":"https:\/\/env-in-cent.hu\/en\/our-partners\/","og_site_name":"Env-in-Cent","article_modified_time":"2024-11-29T16:00:16+00:00","twitter_card":"summary_large_image","twitter_misc":{"Estimated reading time":"2 minutes"},"schema":{"@context":"https:\/\/schema.org","@graph":[{"@type":"WebPage","@id":"https:\/\/env-in-cent.hu\/partnereink\/","url":"https:\/\/env-in-cent.hu\/partnereink\/","name":"Akikkel k\u00f6z\u00f6sen \u00e9rt\u00fck el sikereinket\u2026 - Env-in-Cent","isPartOf":{"@id":"https:\/\/env-in-cent.hu\/#website"},"datePublished":"2024-11-29T15:58:52+00:00","dateModified":"2024-11-29T16:00:16+00:00","breadcrumb":{"@id":"https:\/\/env-in-cent.hu\/partnereink\/#breadcrumb"},"inLanguage":"en-GB","potentialAction":[{"@type":"ReadAction","target":["https:\/\/env-in-cent.hu\/partnereink\/"]}]},{"@type":"BreadcrumbList","@id":"https:\/\/env-in-cent.hu\/partnereink\/#breadcrumb","itemListElement":[{"@type":"ListItem","position":1,"name":"Kezd\u0151lap","item":"https:\/\/env-in-cent.hu\/"},{"@type":"ListItem","position":2,"name":"Akikkel k\u00f6z\u00f6sen \u00e9rt\u00fck el sikereinket\u2026"}]},{"@type":"WebSite","@id":"https:\/\/env-in-cent.hu\/#website","url":"https:\/\/env-in-cent.hu\/","name":"Env-in-Cent","description":"Env-in-Cent K\u00f6rnyezetv\u00e9delmi Tan\u00e1csad\u00f3 Iroda Kft.","publisher":{"@id":"https:\/\/env-in-cent.hu\/#organization"},"potentialAction":[{"@type":"SearchAction","target":{"@type":"EntryPoint","urlTemplate":"https:\/\/env-in-cent.hu\/?s={search_term_string}"},"query-input":{"@type":"PropertyValueSpecification","valueRequired":true,"valueName":"search_term_string"}}],"inLanguage":"en-GB"},{"@type":"Organization","@id":"https:\/\/env-in-cent.hu\/#organization","name":"Env-in-Cent","url":"https:\/\/env-in-cent.hu\/","logo":{"@type":"ImageObject","inLanguage":"en-GB","@id":"https:\/\/env-in-cent.hu\/#\/schema\/logo\/image\/","url":"https:\/\/env-in-cent.hu\/wp-content\/uploads\/2024\/11\/logo.jpg","contentUrl":"https:\/\/env-in-cent.hu\/wp-content\/uploads\/2024\/11\/logo.jpg","width":170,"height":62,"caption":"Env-in-Cent"},"image":{"@id":"https:\/\/env-in-cent.hu\/#\/schema\/logo\/image\/"}}]}},"_links":{"self":[{"href":"https:\/\/env-in-cent.hu\/en\/wp-json\/wp\/v2\/pages\/321","targetHints":{"allow":["GET"]}}],"collection":[{"href":"https:\/\/env-in-cent.hu\/en\/wp-json\/wp\/v2\/pages"}],"about":[{"href":"https:\/\/env-in-cent.hu\/en\/wp-json\/wp\/v2\/types\/page"}],"author":[{"embeddable":true,"href":"https:\/\/env-in-cent.hu\/en\/wp-json\/wp\/v2\/users\/1"}],"replies":[{"embeddable":true,"href":"https:\/\/env-in-cent.hu\/en\/wp-json\/wp\/v2\/comments?post=321"}],"version-history":[{"count":2,"href":"https:\/\/env-in-cent.hu\/en\/wp-json\/wp\/v2\/pages\/321\/revisions"}],"predecessor-version":[{"id":324,"href":"https:\/\/env-in-cent.hu\/en\/wp-json\/wp\/v2\/pages\/321\/revisions\/324"}],"wp:attachment":[{"href":"https:\/\/env-in-cent.hu\/en\/wp-json\/wp\/v2\/media?parent=321"}],"curies":[{"name":"wp","href":"https:\/\/api.w.org\/{rel}","templated":true}]}}