{"id":166,"date":"2024-11-28T18:18:38","date_gmt":"2024-11-28T18:18:38","guid":{"rendered":"https:\/\/env-in-cent.hu\/?page_id=166"},"modified":"2024-12-13T11:24:00","modified_gmt":"2024-12-13T11:24:00","slug":"fooldal","status":"publish","type":"page","link":"https:\/\/env-in-cent.hu\/en","title":{"rendered":"Responsible Development Convergence Sustainability"},"content":{"rendered":"<h2 class=\"wp-block-heading\">Our mission<\/h2>\n\n\n\n<p class=\"has-text-align-left\">The mission of our Company is to provide support and professional knowledge for our Clients during the strategic planning process and in the realization of their tasks and objectives in environmental issues. The Env-in-Cent Environmental Consulting Ltd. (EiC) is specialized for the preparation of environmental assessments for the decision-making process, environmental documents and permissions, programmes and plans for both for the business sphere and for governmental and local municipality bodies. Our colleagues and experts have substantial and diverse experiences in the field of public administration and R+D, and we all believe in that the social and economic development, the increase of the competitiveness of enterprises may be realized in such way, when we are conscious about our environment and take care for our natural values and the human health. We believe that activities, which shall be taken for protecting the environment, may be planned and managed in such way, where the costs of these activities instead of generating losses, may produce savings or additional profit. We give a compass into our Clients\u2019 hands, which helps them to recognize the possible solutions for the optimal financial options and the environment friendly development processes.<\/p>\n\n\n\n<p class=\"has-text-align-left\">Our company has numerous references especially in the field of business and environmental management, researches on climate change and in elaborating strategic environmental assessments and waste-management plans. In our work, we apply the latest R+D results, which may be successfully implemented into business practices and in the activities of local governmental bodies. We have wide international relations; our projects are mostly carried out in team-work and by the help of co-partners and subcontractors. Please select your choice from the Services  menu and should any of our services raised your attention, do not hesitate to contact us.&nbsp;<\/p>","protected":false},"excerpt":{"rendered":"<p>K\u00fcldet\u00e9s\u00fcnk T\u00e1rsas\u00e1gunk k\u00fcldet\u00e9se, hogy strat\u00e9giai t\u00e1mogat\u00e1st, szak\u00e9rt\u0151i seg\u00edts\u00e9get ny\u00fajtsunk \u00fcgyfeleinknek k\u00f6rnyezetv\u00e9delmi feladataik megval\u00f3s\u00edt\u00e1s\u00e1hoz. Az Env-in-Cent K\u00f6rnyezetv\u00e9delmi Tan\u00e1csad\u00f3 Iroda Kft. (EiC) f\u0151 tev\u00e9kenys\u00e9gi ter\u00fclete a v\u00e1llalati, \u00f6nkorm\u00e1nyzati \u00e9s korm\u00e1nyzati k\u00f6rnyezetorient\u00e1lt d\u00f6nt\u00e9s-el\u0151k\u00e9sz\u00edt\u0151 elemz\u00e9sek, enged\u00e9lyez\u00e9si dokument\u00e1ci\u00f3k, programok, tervek kidolgoz\u00e1sa. A k\u00f6zigazgat\u00e1sban \u00e9s a K+F ter\u00fclet\u00e9n j\u00e1rtas szakembereink hisznek abban, hogy a vid\u00e9k \u00e9s a v\u00e1ros gyarapod\u00e1sa, az \u00e9letsz\u00ednvonal [&hellip;]<\/p>","protected":false},"author":1,"featured_media":0,"parent":0,"menu_order":0,"comment_status":"closed","ping_status":"closed","template":"","meta":{"footnotes":""},"class_list":["post-166","page","type-page","status-publish","hentry"],"yoast_head":"<!-- This site is optimized with the Yoast SEO plugin v23.9 - https:\/\/yoast.com\/wordpress\/plugins\/seo\/ -->\n<title>Felel\u0151ss\u00e9g Fejleszt\u00e9s Felz\u00e1rk\u00f3z\u00e1s Fenntarthat\u00f3s\u00e1g - Env-in-Cent<\/title>\n<meta name=\"robots\" content=\"noindex, follow, max-snippet:-1, max-image-preview:large, max-video-preview:-1\" \/>\n<meta property=\"og:locale\" content=\"en_GB\" \/>\n<meta property=\"og:type\" content=\"article\" \/>\n<meta property=\"og:title\" content=\"Felel\u0151ss\u00e9g Fejleszt\u00e9s Felz\u00e1rk\u00f3z\u00e1s Fenntarthat\u00f3s\u00e1g - Env-in-Cent\" \/>\n<meta property=\"og:description\" content=\"K\u00fcldet\u00e9s\u00fcnk T\u00e1rsas\u00e1gunk k\u00fcldet\u00e9se, hogy strat\u00e9giai t\u00e1mogat\u00e1st, szak\u00e9rt\u0151i seg\u00edts\u00e9get ny\u00fajtsunk \u00fcgyfeleinknek k\u00f6rnyezetv\u00e9delmi feladataik megval\u00f3s\u00edt\u00e1s\u00e1hoz. Az Env-in-Cent K\u00f6rnyezetv\u00e9delmi Tan\u00e1csad\u00f3 Iroda Kft. (EiC) f\u0151 tev\u00e9kenys\u00e9gi ter\u00fclete a v\u00e1llalati, \u00f6nkorm\u00e1nyzati \u00e9s korm\u00e1nyzati k\u00f6rnyezetorient\u00e1lt d\u00f6nt\u00e9s-el\u0151k\u00e9sz\u00edt\u0151 elemz\u00e9sek, enged\u00e9lyez\u00e9si dokument\u00e1ci\u00f3k, programok, tervek kidolgoz\u00e1sa. A k\u00f6zigazgat\u00e1sban \u00e9s a K+F ter\u00fclet\u00e9n j\u00e1rtas szakembereink hisznek abban, hogy a vid\u00e9k \u00e9s a v\u00e1ros gyarapod\u00e1sa, az \u00e9letsz\u00ednvonal [&hellip;]\" \/>\n<meta property=\"og:url\" content=\"https:\/\/env-in-cent.hu\/en\" \/>\n<meta property=\"og:site_name\" content=\"Env-in-Cent\" \/>\n<meta property=\"article:modified_time\" content=\"2024-12-13T11:24:00+00:00\" \/>\n<meta name=\"twitter:card\" content=\"summary_large_image\" \/>\n<meta name=\"twitter:label1\" content=\"Estimated reading time\" \/>\n\t<meta name=\"twitter:data1\" content=\"1 minute\" \/>\n<script type=\"application\/ld+json\" class=\"yoast-schema-graph\">{\"@context\":\"https:\/\/schema.org\",\"@graph\":[{\"@type\":\"WebPage\",\"@id\":\"https:\/\/env-in-cent.hu\/\",\"url\":\"https:\/\/env-in-cent.hu\/\",\"name\":\"Felel\u0151ss\u00e9g Fejleszt\u00e9s Felz\u00e1rk\u00f3z\u00e1s Fenntarthat\u00f3s\u00e1g - Env-in-Cent\",\"isPartOf\":{\"@id\":\"https:\/\/env-in-cent.hu\/#website\"},\"datePublished\":\"2024-11-28T18:18:38+00:00\",\"dateModified\":\"2024-12-13T11:24:00+00:00\",\"breadcrumb\":{\"@id\":\"https:\/\/env-in-cent.hu\/#breadcrumb\"},\"inLanguage\":\"en-GB\",\"potentialAction\":[{\"@type\":\"ReadAction\",\"target\":[\"https:\/\/env-in-cent.hu\/\"]}]},{\"@type\":\"BreadcrumbList\",\"@id\":\"https:\/\/env-in-cent.hu\/#breadcrumb\",\"itemListElement\":[{\"@type\":\"ListItem\",\"position\":1,\"name\":\"Kezd\u0151lap\",\"item\":\"https:\/\/env-in-cent.hu\/\"},{\"@type\":\"ListItem\",\"position\":2,\"name\":\"Felel\u0151ss\u00e9g Fejleszt\u00e9s Felz\u00e1rk\u00f3z\u00e1s Fenntarthat\u00f3s\u00e1g\"}]},{\"@type\":\"WebSite\",\"@id\":\"https:\/\/env-in-cent.hu\/#website\",\"url\":\"https:\/\/env-in-cent.hu\/\",\"name\":\"Env-in-Cent\",\"description\":\"Env-in-Cent K\u00f6rnyezetv\u00e9delmi Tan\u00e1csad\u00f3 Iroda Kft.\",\"publisher\":{\"@id\":\"https:\/\/env-in-cent.hu\/#organization\"},\"potentialAction\":[{\"@type\":\"SearchAction\",\"target\":{\"@type\":\"EntryPoint\",\"urlTemplate\":\"https:\/\/env-in-cent.hu\/?s={search_term_string}\"},\"query-input\":{\"@type\":\"PropertyValueSpecification\",\"valueRequired\":true,\"valueName\":\"search_term_string\"}}],\"inLanguage\":\"en-GB\"},{\"@type\":\"Organization\",\"@id\":\"https:\/\/env-in-cent.hu\/#organization\",\"name\":\"Env-in-Cent\",\"url\":\"https:\/\/env-in-cent.hu\/\",\"logo\":{\"@type\":\"ImageObject\",\"inLanguage\":\"en-GB\",\"@id\":\"https:\/\/env-in-cent.hu\/#\/schema\/logo\/image\/\",\"url\":\"https:\/\/env-in-cent.hu\/wp-content\/uploads\/2024\/11\/logo.jpg\",\"contentUrl\":\"https:\/\/env-in-cent.hu\/wp-content\/uploads\/2024\/11\/logo.jpg\",\"width\":170,\"height\":62,\"caption\":\"Env-in-Cent\"},\"image\":{\"@id\":\"https:\/\/env-in-cent.hu\/#\/schema\/logo\/image\/\"}}]}<\/script>\n<!-- \/ Yoast SEO plugin. -->","yoast_head_json":{"title":"Felel\u0151ss\u00e9g Fejleszt\u00e9s Felz\u00e1rk\u00f3z\u00e1s Fenntarthat\u00f3s\u00e1g - Env-in-Cent","robots":{"index":"noindex","follow":"follow","max-snippet":"max-snippet:-1","max-image-preview":"max-image-preview:large","max-video-preview":"max-video-preview:-1"},"og_locale":"en_GB","og_type":"article","og_title":"Felel\u0151ss\u00e9g Fejleszt\u00e9s Felz\u00e1rk\u00f3z\u00e1s Fenntarthat\u00f3s\u00e1g - Env-in-Cent","og_description":"K\u00fcldet\u00e9s\u00fcnk T\u00e1rsas\u00e1gunk k\u00fcldet\u00e9se, hogy strat\u00e9giai t\u00e1mogat\u00e1st, szak\u00e9rt\u0151i seg\u00edts\u00e9get ny\u00fajtsunk \u00fcgyfeleinknek k\u00f6rnyezetv\u00e9delmi feladataik megval\u00f3s\u00edt\u00e1s\u00e1hoz. Az Env-in-Cent K\u00f6rnyezetv\u00e9delmi Tan\u00e1csad\u00f3 Iroda Kft. (EiC) f\u0151 tev\u00e9kenys\u00e9gi ter\u00fclete a v\u00e1llalati, \u00f6nkorm\u00e1nyzati \u00e9s korm\u00e1nyzati k\u00f6rnyezetorient\u00e1lt d\u00f6nt\u00e9s-el\u0151k\u00e9sz\u00edt\u0151 elemz\u00e9sek, enged\u00e9lyez\u00e9si dokument\u00e1ci\u00f3k, programok, tervek kidolgoz\u00e1sa. A k\u00f6zigazgat\u00e1sban \u00e9s a K+F ter\u00fclet\u00e9n j\u00e1rtas szakembereink hisznek abban, hogy a vid\u00e9k \u00e9s a v\u00e1ros gyarapod\u00e1sa, az \u00e9letsz\u00ednvonal [&hellip;]","og_url":"https:\/\/env-in-cent.hu\/en","og_site_name":"Env-in-Cent","article_modified_time":"2024-12-13T11:24:00+00:00","twitter_card":"summary_large_image","twitter_misc":{"Estimated reading time":"1 minute"},"schema":{"@context":"https:\/\/schema.org","@graph":[{"@type":"WebPage","@id":"https:\/\/env-in-cent.hu\/","url":"https:\/\/env-in-cent.hu\/","name":"Felel\u0151ss\u00e9g Fejleszt\u00e9s Felz\u00e1rk\u00f3z\u00e1s Fenntarthat\u00f3s\u00e1g - Env-in-Cent","isPartOf":{"@id":"https:\/\/env-in-cent.hu\/#website"},"datePublished":"2024-11-28T18:18:38+00:00","dateModified":"2024-12-13T11:24:00+00:00","breadcrumb":{"@id":"https:\/\/env-in-cent.hu\/#breadcrumb"},"inLanguage":"en-GB","potentialAction":[{"@type":"ReadAction","target":["https:\/\/env-in-cent.hu\/"]}]},{"@type":"BreadcrumbList","@id":"https:\/\/env-in-cent.hu\/#breadcrumb","itemListElement":[{"@type":"ListItem","position":1,"name":"Kezd\u0151lap","item":"https:\/\/env-in-cent.hu\/"},{"@type":"ListItem","position":2,"name":"Felel\u0151ss\u00e9g Fejleszt\u00e9s Felz\u00e1rk\u00f3z\u00e1s Fenntarthat\u00f3s\u00e1g"}]},{"@type":"WebSite","@id":"https:\/\/env-in-cent.hu\/#website","url":"https:\/\/env-in-cent.hu\/","name":"Env-in-Cent","description":"Env-in-Cent K\u00f6rnyezetv\u00e9delmi Tan\u00e1csad\u00f3 Iroda Kft.","publisher":{"@id":"https:\/\/env-in-cent.hu\/#organization"},"potentialAction":[{"@type":"SearchAction","target":{"@type":"EntryPoint","urlTemplate":"https:\/\/env-in-cent.hu\/?s={search_term_string}"},"query-input":{"@type":"PropertyValueSpecification","valueRequired":true,"valueName":"search_term_string"}}],"inLanguage":"en-GB"},{"@type":"Organization","@id":"https:\/\/env-in-cent.hu\/#organization","name":"Env-in-Cent","url":"https:\/\/env-in-cent.hu\/","logo":{"@type":"ImageObject","inLanguage":"en-GB","@id":"https:\/\/env-in-cent.hu\/#\/schema\/logo\/image\/","url":"https:\/\/env-in-cent.hu\/wp-content\/uploads\/2024\/11\/logo.jpg","contentUrl":"https:\/\/env-in-cent.hu\/wp-content\/uploads\/2024\/11\/logo.jpg","width":170,"height":62,"caption":"Env-in-Cent"},"image":{"@id":"https:\/\/env-in-cent.hu\/#\/schema\/logo\/image\/"}}]}},"_links":{"self":[{"href":"https:\/\/env-in-cent.hu\/en\/wp-json\/wp\/v2\/pages\/166","targetHints":{"allow":["GET"]}}],"collection":[{"href":"https:\/\/env-in-cent.hu\/en\/wp-json\/wp\/v2\/pages"}],"about":[{"href":"https:\/\/env-in-cent.hu\/en\/wp-json\/wp\/v2\/types\/page"}],"author":[{"embeddable":true,"href":"https:\/\/env-in-cent.hu\/en\/wp-json\/wp\/v2\/users\/1"}],"replies":[{"embeddable":true,"href":"https:\/\/env-in-cent.hu\/en\/wp-json\/wp\/v2\/comments?post=166"}],"version-history":[{"count":7,"href":"https:\/\/env-in-cent.hu\/en\/wp-json\/wp\/v2\/pages\/166\/revisions"}],"predecessor-version":[{"id":716,"href":"https:\/\/env-in-cent.hu\/en\/wp-json\/wp\/v2\/pages\/166\/revisions\/716"}],"wp:attachment":[{"href":"https:\/\/env-in-cent.hu\/en\/wp-json\/wp\/v2\/media?parent=166"}],"curies":[{"name":"wp","href":"https:\/\/api.w.org\/{rel}","templated":true}]}}